{"id":9,"date":"2026-05-14T19:38:35","date_gmt":"2026-05-14T19:38:35","guid":{"rendered":"https:\/\/rinarsteinn.is\/?page_id=9"},"modified":"2026-05-15T00:13:18","modified_gmt":"2026-05-15T00:13:18","slug":"home","status":"publish","type":"page","link":"https:\/\/rinarsteinn.is\/","title":{"rendered":"R\u00ednarsteinn ehf"},"content":{"rendered":"\n<style>\n  :root {\n    --rinar-ink: #272727;\n    --rinar-rust: #c3421e;\n    --rinar-gray: #d9d9d7;\n    --rinar-surface: #e7e7e7;\n    --rinar-muted: #55514c;\n    --rinar-line: rgba(39, 39, 39, 0.18);\n  }\n\n  .wp-site-blocks > header,\n  .wp-site-blocks > footer {\n    display: none;\n  }\n\n  .wp-site-blocks > main {\n    margin-top: 0 !important;\n  }\n\n  .rinar-page {\n    background: var(--rinar-gray);\n    color: var(--rinar-ink);\n    font-family: Inter, ui-sans-serif, system-ui, -apple-system, BlinkMacSystemFont, \"Segoe UI\", sans-serif;\n    font-size: 16px;\n    line-height: 1.5;\n    margin: calc(var(--wp--preset--spacing--60) * -1) calc(50% - 50vw) 0;\n    min-height: 100vh;\n  }\n\n  .rinar-shell {\n    box-sizing: border-box;\n    margin: 0 auto;\n    max-width: 1120px;\n    padding: 0 clamp(34px, 6vw, 88px);\n  }\n\n  .rinar-topbar {\n    align-items: center;\n    display: flex;\n    gap: 24px;\n    justify-content: space-between;\n    padding: 38px clamp(34px, 6vw, 88px) 0;\n  }\n\n  .rinar-logo {\n    align-items: center;\n    display: inline-flex;\n    gap: 14px;\n    text-decoration: none;\n  }\n\n  .rinar-logo span {\n    color: var(--rinar-rust);\n    font-family: inherit;\n    font-size: 1.55rem;\n    font-weight: 750;\n    line-height: 1;\n  }\n\n  .rinar-nav {\n    display: flex;\n    flex-wrap: wrap;\n    gap: 18px;\n    justify-content: flex-end;\n  }\n\n  .rinar-nav a {\n    color: var(--rinar-ink);\n    font-size: 0.92rem;\n    font-weight: 650;\n    text-decoration: none;\n  }\n\n  .rinar-hero {\n    display: grid;\n    gap: 72px;\n    grid-template-columns: minmax(0, 1fr) 260px;\n    min-height: 66vh;\n    padding: 88px clamp(34px, 6vw, 88px) 92px;\n  }\n\n  .rinar-kicker {\n    color: var(--rinar-rust);\n    font-size: 0.82rem;\n    font-weight: 800;\n    letter-spacing: 0;\n    margin: 0 0 18px;\n    text-transform: uppercase;\n  }\n\n  .rinar-page h1,\n  .rinar-page h2,\n  .rinar-page h3 {\n    color: var(--rinar-ink);\n    font-family: inherit;\n    font-weight: 750;\n    letter-spacing: 0;\n    line-height: 1.02;\n    margin: 0;\n  }\n\n  .rinar-page h1 {\n    font-size: clamp(3.4rem, 7.5vw, 6.6rem);\n    max-width: 860px;\n  }\n\n  .rinar-page h2 {\n    font-size: clamp(2rem, 3vw, 2.85rem);\n    line-height: 1.08;\n  }\n\n  .rinar-page h3 {\n    font-size: 1.22rem;\n  }\n\n  .rinar-lead {\n    color: var(--rinar-muted);\n    font-size: clamp(1.15rem, 2vw, 1.45rem);\n    line-height: 1.55;\n    margin: 34px 0 0;\n    max-width: 780px;\n  }\n\n  .rinar-actions {\n    display: flex;\n    flex-wrap: wrap;\n    gap: 12px;\n    margin-top: 44px;\n  }\n\n  .rinar-button {\n    border: 1px solid var(--rinar-rust);\n    border-radius: 6px;\n    display: inline-flex;\n    font-weight: 750;\n    justify-content: center;\n    padding: 13px 18px;\n    text-decoration: none;\n  }\n\n  .rinar-button.primary {\n    background: var(--rinar-rust);\n    color: #ffffff;\n  }\n\n  .rinar-button.secondary {\n    color: var(--rinar-ink);\n  }\n\n  .rinar-mark {\n    align-self: center;\n    justify-self: end;\n    max-width: 240px;\n    width: 100%;\n  }\n\n  .rinar-section {\n    border-top: 1px solid var(--rinar-line);\n    padding: clamp(64px, 7vw, 84px) 0;\n  }\n\n  .rinar-section-head {\n    display: grid;\n    gap: clamp(18px, 3vw, 34px);\n    grid-template-columns: minmax(220px, 0.62fr) minmax(320px, 1fr);\n    margin-bottom: 28px;\n  }\n\n  .rinar-section-head p {\n    color: var(--rinar-muted);\n    font-size: 1.03rem;\n    line-height: 1.58;\n    margin: 0;\n    max-width: 720px;\n  }\n\n  .rinar-card-grid {\n    display: grid;\n    gap: 12px;\n    grid-template-columns: repeat(3, minmax(0, 1fr));\n  }\n\n  .rinar-card {\n    background: var(--rinar-surface);\n    border: 1px solid var(--rinar-line);\n    border-radius: 8px;\n    min-height: 0;\n    padding: 24px;\n  }\n\n  .rinar-card p {\n    color: var(--rinar-muted);\n    font-size: 0.98rem;\n    line-height: 1.5;\n    margin: 12px 0 0;\n  }\n\n  .rinar-list {\n    color: var(--rinar-muted);\n    display: grid;\n    gap: 7px;\n    font-size: 0.94rem;\n    line-height: 1.45;\n    list-style: none;\n    margin: 18px 0 0;\n    padding: 0;\n  }\n\n  .rinar-list li {\n    border-top: 1px solid rgba(39, 39, 39, 0.12);\n    padding-top: 7px;\n  }\n\n  .rinar-note {\n    color: var(--rinar-muted);\n    font-size: 1.03rem;\n    line-height: 1.58;\n    margin: 0;\n    max-width: 760px;\n  }\n\n  .rinar-note + .rinar-note {\n    margin-top: 14px;\n  }\n\n  .rinar-cta {\n    background: var(--rinar-rust);\n    color: #ffffff;\n    padding: clamp(62px, 7vw, 82px) 0;\n  }\n\n  .rinar-cta .rinar-shell {\n    align-items: center;\n    display: flex;\n    gap: 24px;\n    justify-content: space-between;\n  }\n\n  .rinar-cta h2,\n  .rinar-cta p {\n    color: #ffffff;\n  }\n\n  .rinar-cta p {\n    font-size: 1.03rem;\n    line-height: 1.5;\n    margin: 14px 0 0;\n    max-width: 720px;\n  }\n\n  .rinar-cta .rinar-button {\n    border-color: #ffffff;\n    color: #ffffff;\n    white-space: nowrap;\n  }\n\n  @media (max-width: 900px) {\n    .rinar-topbar {\n      align-items: flex-start;\n      flex-direction: column;\n    }\n\n    .rinar-hero,\n    .rinar-section-head,\n    .rinar-card-grid {\n      grid-template-columns: 1fr;\n    }\n\n    .rinar-section-head {\n      gap: 14px;\n      margin-bottom: 22px;\n    }\n\n    .rinar-mark {\n      justify-self: start;\n      max-width: 180px;\n    }\n\n    .rinar-cta .rinar-shell {\n      align-items: flex-start;\n      flex-direction: column;\n    }\n  }\n\n  @media (max-width: 620px) {\n    .rinar-logo span {\n      font-size: 1.25rem;\n    }\n\n    .rinar-hero {\n      min-height: auto;\n      padding: 66px clamp(28px, 7vw, 44px) 72px;\n    }\n  }\n<\/style>\n\n<div class=\"rinar-page\">\n  <header class=\"rinar-topbar\">\n    <a class=\"rinar-logo\" href=\"#top\" aria-label=\"R\u00ednarsteinn ehf\">\n      <svg width=\"46\" height=\"46\" viewBox=\"0 0 120 120\" role=\"img\" aria-hidden=\"true\">\n        <path d=\"M31 18 71 4l35 18 10 42-29 47-53-9L8 65Z\" fill=\"none\" stroke=\"#c3421e\" stroke-width=\"8\" stroke-linejoin=\"round\"\/>\n        <path d=\"M31 18 28 62l21 42\" fill=\"none\" stroke=\"#c3421e\" stroke-width=\"8\" stroke-linejoin=\"round\"\/>\n        <path d=\"M49 104 78 110 106 64 75 47Z\" fill=\"none\" stroke=\"#c3421e\" stroke-width=\"8\" stroke-linejoin=\"round\"\/>\n        <path d=\"M8 65 49 104 28 62Z\" fill=\"#c3421e\"\/>\n      <\/svg>\n      <span>R\u00ednarsteinn ehf.<\/span>\n    <\/a>\n    <nav class=\"rinar-nav\" aria-label=\"A\u00f0alvalmynd\">\n      <a href=\"#kerfi\">Kerfi<\/a>\n      <a href=\"#nalgist\">N\u00e1lgun<\/a>\n      <a href=\"#um-mig\">Um mig<\/a>\n      <a href=\"#samband\">Samband<\/a>\n    <\/nav>\n  <\/header>\n\n  <main id=\"top\">\n    <section class=\"rinar-shell rinar-hero\">\n      <div>\n        <p class=\"rinar-kicker\">Hagn\u00fdt rekstrar- og kerfisr\u00e1\u00f0gj\u00f6f<\/p>\n        <h1>Rekstur &lt;&gt; Kerfi<\/h1>\n        <p class=\"rinar-lead\">\u00c9g hj\u00e1lpa fyrirt\u00e6kjum a\u00f0 setja upp og n\u00fdta kerfin s\u00edn \u00e1 hagkv\u00e6man og skynsamlegan h\u00e1tt me\u00f0 hagn\u00fdtum innlei\u00f0ingum, vi\u00f0eigandi tengingum og sk\u00fdrri yfirs\u00fdn yfir reksturinn.<\/p>\n        <div class=\"rinar-actions\">\n          <a class=\"rinar-button primary\" href=\"mailto:rinarsteinn@rinarsteinn.is\">Haf\u00f0u samband<\/a>\n          <a class=\"rinar-button secondary\" href=\"#kerfi\">Sj\u00e1 \u00e1herslur<\/a>\n        <\/div>\n      <\/div>\n      <svg class=\"rinar-mark\" viewBox=\"0 0 620 460\" aria-hidden=\"true\">\n        <path d=\"M155 55 355 12l170 86 50 200-135 122-250-32L42 218Z\" fill=\"none\" stroke=\"#c3421e\" stroke-width=\"18\" stroke-linejoin=\"round\"\/>\n        <path d=\"M155 55 142 214l97 170M239 384l140 22 146-308M142 214l236 43 147-159M378 257l62 163\" fill=\"none\" stroke=\"#c3421e\" stroke-width=\"16\" stroke-linejoin=\"round\" opacity=\"0.72\"\/>\n        <path d=\"M42 218 239 384 142 214Z\" fill=\"#c3421e\"\/>\n      <\/svg>\n    <\/section>\n\n    <section id=\"kerfi\" class=\"rinar-section\">\n      <div class=\"rinar-shell\">\n        <div class=\"rinar-section-head\">\n          <h2>\u00c1herslur<\/h2>\n          <p>Vi\u00f0 setjum upp og tengjum g\u00f6gn, ferli og sk\u00fdrsluger\u00f0 \u00feannig a\u00f0 daglegur rekstur ver\u00f0i einfaldari og hnitmi\u00f0a\u00f0ri.<\/p>\n        <\/div>\n        <div class=\"rinar-card-grid\">\n          <article class=\"rinar-card\">\n            <h3>Dynamics 365 Business Central<\/h3>\n            <p>Betri n\u00fdting \u00e1 fj\u00e1rhags- og rekstrarkerfinu sem fyrirt\u00e6ki\u00f0 notar dags daglega.<\/p>\n            <ul class=\"rinar-list\">\n              <li>Ferli, v\u00f6rur, vi\u00f0skiptavinir og reikningar<\/li>\n              <li>Tengingar vi\u00f0 s\u00f6lukerfi, g\u00f6gn og sk\u00fdrslur<\/li>\n              <li>Hagn\u00fdtar innlei\u00f0ingar sem passa rekstrinum<\/li>\n            <\/ul>\n          <\/article>\n          <article class=\"rinar-card\">\n            <h3>Shopify<\/h3>\n            <p>S\u00f6lug\u00f6gn sem fl\u00e6\u00f0a betur inn \u00ed rekstur, fj\u00e1rhag og \u00e1kv\u00f6r\u00f0unart\u00f6ku.<\/p>\n            <ul class=\"rinar-list\">\n              <li>Pantanir, v\u00f6rur og vi\u00f0skiptavinir<\/li>\n              <li>Samr\u00e6ming vi\u00f0 Business Central<\/li>\n              <li>Sk\u00fdrari mynd af s\u00f6lu og framleg\u00f0<\/li>\n            <\/ul>\n          <\/article>\n          <article class=\"rinar-card\">\n            <h3>Fabric \/ Power BI<\/h3>\n            <p>Yfirs\u00fdn sem byggir \u00e1 r\u00e9ttum g\u00f6gnum og svarar raunverulegum rekstrarspurningum.<\/p>\n            <ul class=\"rinar-list\">\n              <li>Gagnal\u00edk\u00f6n og stj\u00f3rnendask\u00fdrslur<\/li>\n              <li>Sala, birg\u00f0ir, vi\u00f0skiptavinir og fj\u00e1rhagur<\/li>\n              <li>Greining sem h\u00e6gt er a\u00f0 \u00fatsk\u00fdra og treysta<\/li>\n            <\/ul>\n          <\/article>\n        <\/div>\n      <\/div>\n    <\/section>\n\n    <section id=\"nalgist\" class=\"rinar-section\">\n      <div class=\"rinar-shell\">\n        <div class=\"rinar-section-head\">\n          <h2>Hreint og prakt\u00edskt.<\/h2>\n          <p>Vi\u00f0 byrjum \u00e1 \u00fev\u00ed sem skiptir m\u00e1li \u00ed rekstrinum: hva\u00f0a g\u00f6gn eiga a\u00f0 fl\u00e6\u00f0a, hvar \u00e1byrg\u00f0in liggur og hva\u00f0a uppl\u00fdsingar vantar til a\u00f0 taka betri \u00e1kvar\u00f0anir.<\/p>\n        <\/div>\n        <p class=\"rinar-note\">\u00c9g a\u00f0sto\u00f0a vi\u00f0skiptavini vi\u00f0 a\u00f0 finna r\u00e9ttu lausnirnar fyrir \u00feeirra rekstur. N\u00e1lgunin er kerfishlutlaus: \u00fea\u00f0 skiptir meira m\u00e1li a\u00f0 velja r\u00e9tt kerfi, r\u00e9tt hugb\u00fana\u00f0arh\u00fas e\u00f0a r\u00e9tta s\u00e9rsm\u00ed\u00f0i en a\u00f0 fylgja fyrirfram \u00e1kve\u00f0inni lausn.<\/p>\n        <p class=\"rinar-note\">\u00cd sumum tilvikum getur veri\u00f0 hagkv\u00e6mara og einfaldara a\u00f0 byggja eigin lausnir, s\u00e9rstaklega \u00feegar gervigreind og n\u00fat\u00edma \u00fer\u00f3unart\u00f3l stytta lei\u00f0ina fr\u00e1 hugmynd a\u00f0 noth\u00e6fri \u00fatf\u00e6rslu.<\/p>\n      <\/div>\n    <\/section>\n\n    <section id=\"um-mig\" class=\"rinar-section\">\n      <div class=\"rinar-shell\">\n        <div class=\"rinar-section-head\">\n          <h2>Um mig<\/h2>\n          <p>R\u00ednarsteinn er \u00ed eigu og reki\u00f0 af Arn\u00f3ri Hrei\u00f0arssyni. Arn\u00f3r vinnur \u00e1 m\u00f6rkum rekstrar, fj\u00e1rm\u00e1la, laga og t\u00e6kni, me\u00f0 \u00e1herslu \u00e1 hagn\u00fdtar lausnir sem n\u00fdtast \u00ed daglegum rekstri.<\/p>\n        <\/div>\n        <p class=\"rinar-note\">Arn\u00f3r er me\u00f0 meistarapr\u00f3f \u00ed l\u00f6gfr\u00e6\u00f0i, me\u00f0 \u00e1herslu \u00e1 skatta- og fj\u00e1rmunar\u00e9tt, og MBA fr\u00e1 EHL \u00ed Lausanne \u00ed Sviss. Hann hefur reynslu af eigin fyrirt\u00e6kjarekstri, fyrirt\u00e6kjastj\u00f3rnun, r\u00e1\u00f0gj\u00f6f og fl\u00f3knum innlei\u00f0ingum \u00fear sem margir haga\u00f0ilar \u00feurfa a\u00f0 vinna saman yfir lengri t\u00edma.<\/p>\n      <\/div>\n    <\/section>\n\n    <section id=\"samband\" class=\"rinar-cta\">\n      <div class=\"rinar-shell\">\n        <div>\n          <h2>Viltu br\u00faa bili\u00f0 milli kerfanna \u00feinna og reksturs \u00fe\u00edns?<\/h2>\n          <p>Sendu stutta l\u00fdsingu \u00e1 \u00fev\u00ed sem \u00fearf a\u00f0 einfalda, tengja e\u00f0a sk\u00fdra.<\/p>\n        <\/div>\n        <a class=\"rinar-button secondary\" href=\"mailto:rinarsteinn@rinarsteinn.is\">rinarsteinn@rinarsteinn.is<\/a>\n      <\/div>\n    <\/section>\n  <\/main>\n<\/div>\n\n","protected":false},"excerpt":{"rendered":"<p>R\u00ednarsteinn ehf. Kerfi N\u00e1lgun Um mig Samband Hagn\u00fdt rekstrar- og kerfisr\u00e1\u00f0gj\u00f6f Rekstur &lt;&gt; Kerfi \u00c9g hj\u00e1lpa fyrirt\u00e6kjum a\u00f0 setja upp og n\u00fdta kerfin s\u00edn \u00e1 hagkv\u00e6man og skynsamlegan h\u00e1tt me\u00f0 hagn\u00fdtum innlei\u00f0ingum, vi\u00f0eigandi tengingum og sk\u00fdrri yfirs\u00fdn yfir reksturinn. Haf\u00f0u samband Sj\u00e1 \u00e1herslur \u00c1herslur Vi\u00f0 setjum upp og tengjum g\u00f6gn, ferli og sk\u00fdrsluger\u00f0 \u00feannig a\u00f0 [&hellip;]<\/p>\n","protected":false},"author":2,"featured_media":0,"parent":0,"menu_order":0,"comment_status":"closed","ping_status":"closed","template":"","meta":{"footnotes":""},"class_list":["post-9","page","type-page","status-publish","hentry"],"yoast_head":"<!-- This site is optimized with the Yoast SEO plugin v27.6 - https:\/\/yoast.com\/product\/yoast-seo-wordpress\/ -->\n<title>R\u00ednarsteinn ehf - R\u00ednarsteinn ehf<\/title>\n<meta name=\"robots\" content=\"index, follow, max-snippet:-1, max-image-preview:large, max-video-preview:-1\" \/>\n<link rel=\"canonical\" href=\"https:\/\/rinarsteinn.is\/\" \/>\n<meta property=\"og:locale\" content=\"is_IS\" \/>\n<meta property=\"og:type\" content=\"article\" \/>\n<meta property=\"og:title\" content=\"R\u00ednarsteinn ehf - R\u00ednarsteinn ehf\" \/>\n<meta property=\"og:description\" content=\"R\u00ednarsteinn ehf. Kerfi N\u00e1lgun Um mig Samband Hagn\u00fdt rekstrar- og kerfisr\u00e1\u00f0gj\u00f6f Rekstur &lt;&gt; Kerfi \u00c9g hj\u00e1lpa fyrirt\u00e6kjum a\u00f0 setja upp og n\u00fdta kerfin s\u00edn \u00e1 hagkv\u00e6man og skynsamlegan h\u00e1tt me\u00f0 hagn\u00fdtum innlei\u00f0ingum, vi\u00f0eigandi tengingum og sk\u00fdrri yfirs\u00fdn yfir reksturinn. Haf\u00f0u samband Sj\u00e1 \u00e1herslur \u00c1herslur Vi\u00f0 setjum upp og tengjum g\u00f6gn, ferli og sk\u00fdrsluger\u00f0 \u00feannig a\u00f0 [&hellip;]\" \/>\n<meta property=\"og:url\" content=\"https:\/\/rinarsteinn.is\/\" \/>\n<meta property=\"og:site_name\" content=\"R\u00ednarsteinn ehf\" \/>\n<meta property=\"article:modified_time\" content=\"2026-05-15T00:13:18+00:00\" \/>\n<meta name=\"twitter:card\" content=\"summary_large_image\" \/>\n<meta name=\"twitter:label1\" content=\"Est. reading time\" \/>\n\t<meta name=\"twitter:data1\" content=\"2 minutes\" \/>\n<script type=\"application\/ld+json\" class=\"yoast-schema-graph\">{\"@context\":\"https:\\\/\\\/schema.org\",\"@graph\":[{\"@type\":\"WebPage\",\"@id\":\"https:\\\/\\\/rinarsteinn.is\\\/\",\"url\":\"https:\\\/\\\/rinarsteinn.is\\\/\",\"name\":\"R\u00ednarsteinn ehf - R\u00ednarsteinn ehf\",\"isPartOf\":{\"@id\":\"https:\\\/\\\/rinarsteinn.is\\\/#website\"},\"datePublished\":\"2026-05-14T19:38:35+00:00\",\"dateModified\":\"2026-05-15T00:13:18+00:00\",\"breadcrumb\":{\"@id\":\"https:\\\/\\\/rinarsteinn.is\\\/#breadcrumb\"},\"inLanguage\":\"is\",\"potentialAction\":[{\"@type\":\"ReadAction\",\"target\":[\"https:\\\/\\\/rinarsteinn.is\\\/\"]}]},{\"@type\":\"BreadcrumbList\",\"@id\":\"https:\\\/\\\/rinarsteinn.is\\\/#breadcrumb\",\"itemListElement\":[{\"@type\":\"ListItem\",\"position\":1,\"name\":\"Home\",\"item\":\"https:\\\/\\\/rinarsteinn.is\\\/\"},{\"@type\":\"ListItem\",\"position\":2,\"name\":\"R\u00ednarsteinn ehf\"}]},{\"@type\":\"WebSite\",\"@id\":\"https:\\\/\\\/rinarsteinn.is\\\/#website\",\"url\":\"https:\\\/\\\/rinarsteinn.is\\\/\",\"name\":\"R\u00ednarsteinn ehf\",\"description\":\"Hagn\u00fdtar kerfistengingar fyrir rekstur\",\"potentialAction\":[{\"@type\":\"SearchAction\",\"target\":{\"@type\":\"EntryPoint\",\"urlTemplate\":\"https:\\\/\\\/rinarsteinn.is\\\/?s={search_term_string}\"},\"query-input\":{\"@type\":\"PropertyValueSpecification\",\"valueRequired\":true,\"valueName\":\"search_term_string\"}}],\"inLanguage\":\"is\"}]}<\/script>\n<!-- \/ Yoast SEO plugin. -->","yoast_head_json":{"title":"R\u00ednarsteinn ehf - R\u00ednarsteinn ehf","robots":{"index":"index","follow":"follow","max-snippet":"max-snippet:-1","max-image-preview":"max-image-preview:large","max-video-preview":"max-video-preview:-1"},"canonical":"https:\/\/rinarsteinn.is\/","og_locale":"is_IS","og_type":"article","og_title":"R\u00ednarsteinn ehf - R\u00ednarsteinn ehf","og_description":"R\u00ednarsteinn ehf. Kerfi N\u00e1lgun Um mig Samband Hagn\u00fdt rekstrar- og kerfisr\u00e1\u00f0gj\u00f6f Rekstur &lt;&gt; Kerfi \u00c9g hj\u00e1lpa fyrirt\u00e6kjum a\u00f0 setja upp og n\u00fdta kerfin s\u00edn \u00e1 hagkv\u00e6man og skynsamlegan h\u00e1tt me\u00f0 hagn\u00fdtum innlei\u00f0ingum, vi\u00f0eigandi tengingum og sk\u00fdrri yfirs\u00fdn yfir reksturinn. Haf\u00f0u samband Sj\u00e1 \u00e1herslur \u00c1herslur Vi\u00f0 setjum upp og tengjum g\u00f6gn, ferli og sk\u00fdrsluger\u00f0 \u00feannig a\u00f0 [&hellip;]","og_url":"https:\/\/rinarsteinn.is\/","og_site_name":"R\u00ednarsteinn ehf","article_modified_time":"2026-05-15T00:13:18+00:00","twitter_card":"summary_large_image","twitter_misc":{"Est. reading time":"2 minutes"},"schema":{"@context":"https:\/\/schema.org","@graph":[{"@type":"WebPage","@id":"https:\/\/rinarsteinn.is\/","url":"https:\/\/rinarsteinn.is\/","name":"R\u00ednarsteinn ehf - R\u00ednarsteinn ehf","isPartOf":{"@id":"https:\/\/rinarsteinn.is\/#website"},"datePublished":"2026-05-14T19:38:35+00:00","dateModified":"2026-05-15T00:13:18+00:00","breadcrumb":{"@id":"https:\/\/rinarsteinn.is\/#breadcrumb"},"inLanguage":"is","potentialAction":[{"@type":"ReadAction","target":["https:\/\/rinarsteinn.is\/"]}]},{"@type":"BreadcrumbList","@id":"https:\/\/rinarsteinn.is\/#breadcrumb","itemListElement":[{"@type":"ListItem","position":1,"name":"Home","item":"https:\/\/rinarsteinn.is\/"},{"@type":"ListItem","position":2,"name":"R\u00ednarsteinn ehf"}]},{"@type":"WebSite","@id":"https:\/\/rinarsteinn.is\/#website","url":"https:\/\/rinarsteinn.is\/","name":"R\u00ednarsteinn ehf","description":"Hagn\u00fdtar kerfistengingar fyrir rekstur","potentialAction":[{"@type":"SearchAction","target":{"@type":"EntryPoint","urlTemplate":"https:\/\/rinarsteinn.is\/?s={search_term_string}"},"query-input":{"@type":"PropertyValueSpecification","valueRequired":true,"valueName":"search_term_string"}}],"inLanguage":"is"}]}},"_links":{"self":[{"href":"https:\/\/rinarsteinn.is\/index.php?rest_route=\/wp\/v2\/pages\/9","targetHints":{"allow":["GET"]}}],"collection":[{"href":"https:\/\/rinarsteinn.is\/index.php?rest_route=\/wp\/v2\/pages"}],"about":[{"href":"https:\/\/rinarsteinn.is\/index.php?rest_route=\/wp\/v2\/types\/page"}],"author":[{"embeddable":true,"href":"https:\/\/rinarsteinn.is\/index.php?rest_route=\/wp\/v2\/users\/2"}],"replies":[{"embeddable":true,"href":"https:\/\/rinarsteinn.is\/index.php?rest_route=%2Fwp%2Fv2%2Fcomments&post=9"}],"version-history":[{"count":15,"href":"https:\/\/rinarsteinn.is\/index.php?rest_route=\/wp\/v2\/pages\/9\/revisions"}],"predecessor-version":[{"id":43,"href":"https:\/\/rinarsteinn.is\/index.php?rest_route=\/wp\/v2\/pages\/9\/revisions\/43"}],"wp:attachment":[{"href":"https:\/\/rinarsteinn.is\/index.php?rest_route=%2Fwp%2Fv2%2Fmedia&parent=9"}],"curies":[{"name":"wp","href":"https:\/\/api.w.org\/{rel}","templated":true}]}}